{"id":12,"date":"2019-04-23T22:17:40","date_gmt":"2019-04-23T22:17:40","guid":{"rendered":"https:\/\/nilus-portofino.at\/?page_id=12"},"modified":"2019-04-23T22:17:40","modified_gmt":"2019-04-23T22:17:40","slug":"impressum","status":"publish","type":"page","link":"https:\/\/nilus-portofino.at\/index.php\/impressum\/","title":{"rendered":"Impressum"},"content":{"rendered":"<p>[et_pb_section fb_built=&#8220;1&#8243; _builder_version=&#8220;3.22.4&#8243;][et_pb_row _builder_version=&#8220;3.22.4&#8243;][et_pb_column type=&#8220;4_4&#8243; _builder_version=&#8220;3.22.4&#8243;][et_pb_text _builder_version=&#8220;3.22.4&#8243;]<\/p>\n<h1>Impressum<\/h1>\n<p>[\/et_pb_text][et_pb_text _builder_version=&#8220;3.22.4&#8243;]<\/p>\n<p>Betrieben von und verantwortlich f\u00fcr die Informationen dieser Webseite ist:<\/p>\n<p>Nilufar Schmeisser<br \/>\u201enilu\u2019s portofino &#8211; ristorante e pizzeria\u201c<br \/>Mondseerstra\u00dfe 13-15<br \/>5340 St. Gilgen<br \/>\u00d6sterreich<br \/>Tel.: +43 6627 20438<br \/>E-Mail: info@nilus-portofino.at<\/p>\n<p>UID: ATU66679766<br \/>Gewerbebeh\u00f6rde: Bezirkshauptmannschaft Salzburg-Umgebung<br \/>Mitgliedschaften: WK\u00d6, WKS<br \/>Anwendbare Rechtsvorschriften: Gewerbeordnung <a href=\"https:\/\/www.ris.bka.gv.at\">www.ris.bka.gv.at<\/a><\/p>\n<p>&nbsp;<\/p>\n<h4>Angaben zur Online-Streitbeilegung<\/h4>\n<p>Verbraucher haben die M\u00f6glichkeit, Beschwerden an die Online-Streitbeilegungsplattform der EU zu richten: <a href=\"http:\/\/ec.europa.eu\/odr\">http:\/\/ec.europa.eu\/odr<\/a><br \/>Sie k\u00f6nnen allf\u00e4llige Beschwerden auch an die oben angegebene E-Mail-Adresse richten.<\/p>\n<p>[\/et_pb_text][\/et_pb_column][\/et_pb_row][\/et_pb_section]<\/p>\n","protected":false},"excerpt":{"rendered":"<p>Impressum Betrieben von und verantwortlich f\u00fcr die Informationen dieser Webseite ist: Nilufar Schmeisser\u201enilu\u2019s portofino &#8211; ristorante e pizzeria\u201cMondseerstra\u00dfe 13-155340 St. Gilgen\u00d6sterreichTel.: +43 6627 20438E-Mail: info@nilus-portofino.at UID: ATU66679766Gewerbebeh\u00f6rde: Bezirkshauptmannschaft Salzburg-UmgebungMitgliedschaften: WK\u00d6, WKSAnwendbare Rechtsvorschriften: Gewerbeordnung www.ris.bka.gv.at &nbsp; Angaben zur Online-Streitbeilegung Verbraucher haben die M\u00f6glichkeit, Beschwerden an die Online-Streitbeilegungsplattform der EU zu richten: http:\/\/ec.europa.eu\/odrSie k\u00f6nnen allf\u00e4llige Beschwerden auch [&hellip;]<\/p>\n","protected":false},"author":2,"featured_media":0,"parent":0,"menu_order":0,"comment_status":"closed","ping_status":"closed","template":"","meta":{"_et_pb_use_builder":"on","_et_pb_old_content":"","_et_gb_content_width":""},"_links":{"self":[{"href":"https:\/\/nilus-portofino.at\/index.php\/wp-json\/wp\/v2\/pages\/12"}],"collection":[{"href":"https:\/\/nilus-portofino.at\/index.php\/wp-json\/wp\/v2\/pages"}],"about":[{"href":"https:\/\/nilus-portofino.at\/index.php\/wp-json\/wp\/v2\/types\/page"}],"author":[{"embeddable":true,"href":"https:\/\/nilus-portofino.at\/index.php\/wp-json\/wp\/v2\/users\/2"}],"replies":[{"embeddable":true,"href":"https:\/\/nilus-portofino.at\/index.php\/wp-json\/wp\/v2\/comments?post=12"}],"version-history":[{"count":3,"href":"https:\/\/nilus-portofino.at\/index.php\/wp-json\/wp\/v2\/pages\/12\/revisions"}],"predecessor-version":[{"id":28519,"href":"https:\/\/nilus-portofino.at\/index.php\/wp-json\/wp\/v2\/pages\/12\/revisions\/28519"}],"wp:attachment":[{"href":"https:\/\/nilus-portofino.at\/index.php\/wp-json\/wp\/v2\/media?parent=12"}],"curies":[{"name":"wp","href":"https:\/\/api.w.org\/{rel}","templated":true}]}}